{"id":2995,"date":"2023-07-19T10:47:23","date_gmt":"2023-07-19T08:47:23","guid":{"rendered":"https:\/\/www.docteurclaude.fr\/bbl\/"},"modified":"2025-05-17T11:13:52","modified_gmt":"2025-05-17T09:13:52","slug":"bbl-pulsed-light","status":"publish","type":"page","link":"https:\/\/www.docteurclaude.fr\/en\/aesthetic-medicine\/techniques\/bbl-pulsed-light\/","title":{"rendered":"BBL &#8211; Pulsed Light"},"content":{"rendered":"","protected":false},"excerpt":{"rendered":"","protected":false},"author":1,"featured_media":2011,"parent":3169,"menu_order":95,"comment_status":"closed","ping_status":"closed","template":"page-templates\/intervention.php","meta":{"_acf_changed":false,"footnotes":""},"class_list":["post-2995","page","type-page","status-publish","has-post-thumbnail","hentry"],"acf":[],"yoast_head":"<!-- This site is optimized with the Yoast SEO plugin v27.2 - https:\/\/yoast.com\/product\/yoast-seo-wordpress\/ -->\n<title>BBL - Pulsed Light - Dr Claude<\/title>\n<meta name=\"description\" content=\"false\" \/>\n<meta name=\"robots\" content=\"index, follow, max-snippet:-1, max-image-preview:large, max-video-preview:-1\" \/>\n<link rel=\"canonical\" href=\"https:\/\/www.docteurclaude.fr\/en\/aesthetic-medicine\/techniques\/bbl-pulsed-light\/\" \/>\n<meta property=\"og:locale\" content=\"en_US\" \/>\n<meta property=\"og:type\" content=\"article\" \/>\n<meta property=\"og:title\" content=\"BBL - Pulsed Light - Dr Claude\" \/>\n<meta property=\"og:description\" content=\"false\" \/>\n<meta property=\"og:url\" content=\"https:\/\/www.docteurclaude.fr\/en\/aesthetic-medicine\/techniques\/bbl-pulsed-light\/\" \/>\n<meta property=\"og:site_name\" content=\"Dr Claude\" \/>\n<meta property=\"article:modified_time\" content=\"2025-05-17T09:13:52+00:00\" \/>\n<meta property=\"og:image\" content=\"https:\/\/www.docteurclaude.fr\/wp-content\/uploads\/2024\/01\/Olivier-Claude-0120-scaled.jpg\" \/>\n\t<meta property=\"og:image:width\" content=\"2560\" \/>\n\t<meta property=\"og:image:height\" content=\"1709\" \/>\n\t<meta property=\"og:image:type\" content=\"image\/jpeg\" \/>\n<meta name=\"twitter:card\" content=\"summary_large_image\" \/>\n<meta name=\"twitter:label1\" content=\"Est. reading time\" \/>\n\t<meta name=\"twitter:data1\" content=\"4 minutes\" \/>\n<script type=\"application\/ld+json\" class=\"yoast-schema-graph\">{\"@context\":\"https:\/\/schema.org\",\"@graph\":[{\"@type\":\"WebPage\",\"@id\":\"https:\/\/www.docteurclaude.fr\/en\/aesthetic-medicine\/techniques\/bbl-pulsed-light\/\",\"url\":\"https:\/\/www.docteurclaude.fr\/en\/aesthetic-medicine\/techniques\/bbl-pulsed-light\/\",\"name\":\"BBL - Pulsed Light - Dr Claude\",\"isPartOf\":{\"@id\":\"https:\/\/www.docteurclaude.fr\/en\/#website\"},\"primaryImageOfPage\":{\"@id\":\"https:\/\/www.docteurclaude.fr\/en\/aesthetic-medicine\/techniques\/bbl-pulsed-light\/#primaryimage\"},\"image\":{\"@id\":\"https:\/\/www.docteurclaude.fr\/en\/aesthetic-medicine\/techniques\/bbl-pulsed-light\/#primaryimage\"},\"thumbnailUrl\":\"https:\/\/www.docteurclaude.fr\/wp-content\/uploads\/2024\/01\/Olivier-Claude-0120-scaled.jpg\",\"datePublished\":\"2023-07-19T08:47:23+00:00\",\"dateModified\":\"2025-05-17T09:13:52+00:00\",\"description\":\"false\",\"breadcrumb\":{\"@id\":\"https:\/\/www.docteurclaude.fr\/en\/aesthetic-medicine\/techniques\/bbl-pulsed-light\/#breadcrumb\"},\"inLanguage\":\"en-US\",\"potentialAction\":[{\"@type\":\"ReadAction\",\"target\":[\"https:\/\/www.docteurclaude.fr\/en\/aesthetic-medicine\/techniques\/bbl-pulsed-light\/\"]}]},{\"@type\":\"ImageObject\",\"inLanguage\":\"en-US\",\"@id\":\"https:\/\/www.docteurclaude.fr\/en\/aesthetic-medicine\/techniques\/bbl-pulsed-light\/#primaryimage\",\"url\":\"https:\/\/www.docteurclaude.fr\/wp-content\/uploads\/2024\/01\/Olivier-Claude-0120-scaled.jpg\",\"contentUrl\":\"https:\/\/www.docteurclaude.fr\/wp-content\/uploads\/2024\/01\/Olivier-Claude-0120-scaled.jpg\",\"width\":2560,\"height\":1709,\"caption\":\"BBL Hero Lumi\u00e8re Puls\u00e9e, luminoth\u00e9rapie r\u00e9g\u00e9n\u00e9ratrice de la peau - Dr Olivier CLAUDE, M\u00e9decin Chirurgien Plasticien et Esth\u00e9tique \u00e0 Paris\"},{\"@type\":\"BreadcrumbList\",\"@id\":\"https:\/\/www.docteurclaude.fr\/en\/aesthetic-medicine\/techniques\/bbl-pulsed-light\/#breadcrumb\",\"itemListElement\":[{\"@type\":\"ListItem\",\"position\":1,\"name\":\"Home\",\"item\":\"https:\/\/www.docteurclaude.fr\/en\/\"},{\"@type\":\"ListItem\",\"position\":2,\"name\":\"Aesthetic Medicine\",\"item\":\"https:\/\/www.docteurclaude.fr\/en\/aesthetic-medicine\/\"},{\"@type\":\"ListItem\",\"position\":3,\"name\":\"Techniques\",\"item\":\"https:\/\/www.docteurclaude.fr\/en\/aesthetic-medicine\/techniques\/\"},{\"@type\":\"ListItem\",\"position\":4,\"name\":\"BBL &#8211; Pulsed Light\"}]},{\"@type\":\"WebSite\",\"@id\":\"https:\/\/www.docteurclaude.fr\/en\/#website\",\"url\":\"https:\/\/www.docteurclaude.fr\/en\/\",\"name\":\"Dr Claude\",\"description\":\"\",\"potentialAction\":[{\"@type\":\"SearchAction\",\"target\":{\"@type\":\"EntryPoint\",\"urlTemplate\":\"https:\/\/www.docteurclaude.fr\/en\/?s={search_term_string}\"},\"query-input\":{\"@type\":\"PropertyValueSpecification\",\"valueRequired\":true,\"valueName\":\"search_term_string\"}}],\"inLanguage\":\"en-US\"}]}<\/script>\n<!-- \/ Yoast SEO plugin. -->","yoast_head_json":{"title":"BBL - Pulsed Light - Dr Claude","description":"false","robots":{"index":"index","follow":"follow","max-snippet":"max-snippet:-1","max-image-preview":"max-image-preview:large","max-video-preview":"max-video-preview:-1"},"canonical":"https:\/\/www.docteurclaude.fr\/en\/aesthetic-medicine\/techniques\/bbl-pulsed-light\/","og_locale":"en_US","og_type":"article","og_title":"BBL - Pulsed Light - Dr Claude","og_description":"false","og_url":"https:\/\/www.docteurclaude.fr\/en\/aesthetic-medicine\/techniques\/bbl-pulsed-light\/","og_site_name":"Dr Claude","article_modified_time":"2025-05-17T09:13:52+00:00","og_image":[{"width":2560,"height":1709,"url":"https:\/\/www.docteurclaude.fr\/wp-content\/uploads\/2024\/01\/Olivier-Claude-0120-scaled.jpg","type":"image\/jpeg"}],"twitter_card":"summary_large_image","twitter_misc":{"Est. reading time":"4 minutes"},"schema":{"@context":"https:\/\/schema.org","@graph":[{"@type":"WebPage","@id":"https:\/\/www.docteurclaude.fr\/en\/aesthetic-medicine\/techniques\/bbl-pulsed-light\/","url":"https:\/\/www.docteurclaude.fr\/en\/aesthetic-medicine\/techniques\/bbl-pulsed-light\/","name":"BBL - Pulsed Light - Dr Claude","isPartOf":{"@id":"https:\/\/www.docteurclaude.fr\/en\/#website"},"primaryImageOfPage":{"@id":"https:\/\/www.docteurclaude.fr\/en\/aesthetic-medicine\/techniques\/bbl-pulsed-light\/#primaryimage"},"image":{"@id":"https:\/\/www.docteurclaude.fr\/en\/aesthetic-medicine\/techniques\/bbl-pulsed-light\/#primaryimage"},"thumbnailUrl":"https:\/\/www.docteurclaude.fr\/wp-content\/uploads\/2024\/01\/Olivier-Claude-0120-scaled.jpg","datePublished":"2023-07-19T08:47:23+00:00","dateModified":"2025-05-17T09:13:52+00:00","description":"false","breadcrumb":{"@id":"https:\/\/www.docteurclaude.fr\/en\/aesthetic-medicine\/techniques\/bbl-pulsed-light\/#breadcrumb"},"inLanguage":"en-US","potentialAction":[{"@type":"ReadAction","target":["https:\/\/www.docteurclaude.fr\/en\/aesthetic-medicine\/techniques\/bbl-pulsed-light\/"]}]},{"@type":"ImageObject","inLanguage":"en-US","@id":"https:\/\/www.docteurclaude.fr\/en\/aesthetic-medicine\/techniques\/bbl-pulsed-light\/#primaryimage","url":"https:\/\/www.docteurclaude.fr\/wp-content\/uploads\/2024\/01\/Olivier-Claude-0120-scaled.jpg","contentUrl":"https:\/\/www.docteurclaude.fr\/wp-content\/uploads\/2024\/01\/Olivier-Claude-0120-scaled.jpg","width":2560,"height":1709,"caption":"BBL Hero Lumi\u00e8re Puls\u00e9e, luminoth\u00e9rapie r\u00e9g\u00e9n\u00e9ratrice de la peau - Dr Olivier CLAUDE, M\u00e9decin Chirurgien Plasticien et Esth\u00e9tique \u00e0 Paris"},{"@type":"BreadcrumbList","@id":"https:\/\/www.docteurclaude.fr\/en\/aesthetic-medicine\/techniques\/bbl-pulsed-light\/#breadcrumb","itemListElement":[{"@type":"ListItem","position":1,"name":"Home","item":"https:\/\/www.docteurclaude.fr\/en\/"},{"@type":"ListItem","position":2,"name":"Aesthetic Medicine","item":"https:\/\/www.docteurclaude.fr\/en\/aesthetic-medicine\/"},{"@type":"ListItem","position":3,"name":"Techniques","item":"https:\/\/www.docteurclaude.fr\/en\/aesthetic-medicine\/techniques\/"},{"@type":"ListItem","position":4,"name":"BBL &#8211; Pulsed Light"}]},{"@type":"WebSite","@id":"https:\/\/www.docteurclaude.fr\/en\/#website","url":"https:\/\/www.docteurclaude.fr\/en\/","name":"Dr Claude","description":"","potentialAction":[{"@type":"SearchAction","target":{"@type":"EntryPoint","urlTemplate":"https:\/\/www.docteurclaude.fr\/en\/?s={search_term_string}"},"query-input":{"@type":"PropertyValueSpecification","valueRequired":true,"valueName":"search_term_string"}}],"inLanguage":"en-US"}]}},"_links":{"self":[{"href":"https:\/\/www.docteurclaude.fr\/en\/wp-json\/wp\/v2\/pages\/2995","targetHints":{"allow":["GET"]}}],"collection":[{"href":"https:\/\/www.docteurclaude.fr\/en\/wp-json\/wp\/v2\/pages"}],"about":[{"href":"https:\/\/www.docteurclaude.fr\/en\/wp-json\/wp\/v2\/types\/page"}],"author":[{"embeddable":true,"href":"https:\/\/www.docteurclaude.fr\/en\/wp-json\/wp\/v2\/users\/1"}],"replies":[{"embeddable":true,"href":"https:\/\/www.docteurclaude.fr\/en\/wp-json\/wp\/v2\/comments?post=2995"}],"version-history":[{"count":3,"href":"https:\/\/www.docteurclaude.fr\/en\/wp-json\/wp\/v2\/pages\/2995\/revisions"}],"predecessor-version":[{"id":6162,"href":"https:\/\/www.docteurclaude.fr\/en\/wp-json\/wp\/v2\/pages\/2995\/revisions\/6162"}],"up":[{"embeddable":true,"href":"https:\/\/www.docteurclaude.fr\/en\/wp-json\/wp\/v2\/pages\/3169"}],"wp:featuredmedia":[{"embeddable":true,"href":"https:\/\/www.docteurclaude.fr\/en\/wp-json\/wp\/v2\/media\/2011"}],"wp:attachment":[{"href":"https:\/\/www.docteurclaude.fr\/en\/wp-json\/wp\/v2\/media?parent=2995"}],"curies":[{"name":"wp","href":"https:\/\/api.w.org\/{rel}","templated":true}]}}