{"id":3107,"date":"2023-03-17T17:27:52","date_gmt":"2023-03-17T16:27:52","guid":{"rendered":"https:\/\/www.docteurclaude.fr\/reduction-mammaire\/"},"modified":"2025-04-02T11:47:40","modified_gmt":"2025-04-02T09:47:40","slug":"breast-reduction","status":"publish","type":"page","link":"https:\/\/www.docteurclaude.fr\/en\/chirurgie-esthetique\/the-breasts\/breast-reduction\/","title":{"rendered":"Breast reduction"},"content":{"rendered":"","protected":false},"excerpt":{"rendered":"","protected":false},"author":1,"featured_media":3036,"parent":3166,"menu_order":17,"comment_status":"closed","ping_status":"closed","template":"page-templates\/intervention.php","meta":{"_acf_changed":false,"footnotes":""},"class_list":["post-3107","page","type-page","status-publish","has-post-thumbnail","hentry"],"acf":[],"yoast_head":"<!-- This site is optimized with the Yoast SEO plugin v27.2 - https:\/\/yoast.com\/product\/yoast-seo-wordpress\/ -->\n<title>Breast reduction - Dr Claude<\/title>\n<meta name=\"description\" content=\"Dr Claude Breast reduction Breast hypertrophy is defined as a volume of the breasts that is too large in relation to the patient\u2019s morphology. This excess volume is generally associated with sagging breasts (breast ptosis). Mammary hypertrophy almost always has functional repercussions (back pain, discomfort when practising sports, clothing difficulties). There is also often a psychological impact. These problems are covered by the French Health Insurance. The aim of breast plastic surgery is to reduce the volume of the breasts in order to obtain two harmonious breasts.\" \/>\n<meta name=\"robots\" content=\"index, follow, max-snippet:-1, max-image-preview:large, max-video-preview:-1\" \/>\n<link rel=\"canonical\" href=\"https:\/\/www.docteurclaude.fr\/en\/chirurgie-esthetique\/the-breasts\/breast-reduction\/\" \/>\n<meta property=\"og:locale\" content=\"en_US\" \/>\n<meta property=\"og:type\" content=\"article\" \/>\n<meta property=\"og:title\" content=\"Breast reduction - Dr Claude\" \/>\n<meta property=\"og:description\" content=\"Dr Claude Breast reduction Breast hypertrophy is defined as a volume of the breasts that is too large in relation to the patient\u2019s morphology. This excess volume is generally associated with sagging breasts (breast ptosis). Mammary hypertrophy almost always has functional repercussions (back pain, discomfort when practising sports, clothing difficulties). There is also often a psychological impact. These problems are covered by the French Health Insurance. The aim of breast plastic surgery is to reduce the volume of the breasts in order to obtain two harmonious breasts.\" \/>\n<meta property=\"og:url\" content=\"https:\/\/www.docteurclaude.fr\/en\/chirurgie-esthetique\/the-breasts\/breast-reduction\/\" \/>\n<meta property=\"og:site_name\" content=\"Dr Claude\" \/>\n<meta property=\"article:modified_time\" content=\"2025-04-02T09:47:40+00:00\" \/>\n<meta property=\"og:image\" content=\"https:\/\/www.docteurclaude.fr\/wp-content\/uploads\/2024\/01\/reduction-mammaire-scaled.jpg\" \/>\n\t<meta property=\"og:image:width\" content=\"2560\" \/>\n\t<meta property=\"og:image:height\" content=\"1386\" \/>\n\t<meta property=\"og:image:type\" content=\"image\/jpeg\" \/>\n<meta name=\"twitter:card\" content=\"summary_large_image\" \/>\n<meta name=\"twitter:label1\" content=\"Est. reading time\" \/>\n\t<meta name=\"twitter:data1\" content=\"3 minutes\" \/>\n<script type=\"application\/ld+json\" class=\"yoast-schema-graph\">{\"@context\":\"https:\/\/schema.org\",\"@graph\":[{\"@type\":\"WebPage\",\"@id\":\"https:\/\/www.docteurclaude.fr\/en\/chirurgie-esthetique\/the-breasts\/breast-reduction\/\",\"url\":\"https:\/\/www.docteurclaude.fr\/en\/chirurgie-esthetique\/the-breasts\/breast-reduction\/\",\"name\":\"Breast reduction - Dr Claude\",\"isPartOf\":{\"@id\":\"https:\/\/www.docteurclaude.fr\/en\/#website\"},\"primaryImageOfPage\":{\"@id\":\"https:\/\/www.docteurclaude.fr\/en\/chirurgie-esthetique\/the-breasts\/breast-reduction\/#primaryimage\"},\"image\":{\"@id\":\"https:\/\/www.docteurclaude.fr\/en\/chirurgie-esthetique\/the-breasts\/breast-reduction\/#primaryimage\"},\"thumbnailUrl\":\"https:\/\/www.docteurclaude.fr\/wp-content\/uploads\/2024\/01\/reduction-mammaire-scaled.jpg\",\"datePublished\":\"2023-03-17T16:27:52+00:00\",\"dateModified\":\"2025-04-02T09:47:40+00:00\",\"description\":\"Dr Claude Breast reduction Breast hypertrophy is defined as a volume of the breasts that is too large in relation to the patient\u2019s morphology. This excess volume is generally associated with sagging breasts (breast ptosis). Mammary hypertrophy almost always has functional repercussions (back pain, discomfort when practising sports, clothing difficulties). There is also often a psychological impact. These problems are covered by the French Health Insurance. The aim of breast plastic surgery is to reduce the volume of the breasts in order to obtain two harmonious breasts.\",\"breadcrumb\":{\"@id\":\"https:\/\/www.docteurclaude.fr\/en\/chirurgie-esthetique\/the-breasts\/breast-reduction\/#breadcrumb\"},\"inLanguage\":\"en-US\",\"potentialAction\":[{\"@type\":\"ReadAction\",\"target\":[\"https:\/\/www.docteurclaude.fr\/en\/chirurgie-esthetique\/the-breasts\/breast-reduction\/\"]}]},{\"@type\":\"ImageObject\",\"inLanguage\":\"en-US\",\"@id\":\"https:\/\/www.docteurclaude.fr\/en\/chirurgie-esthetique\/the-breasts\/breast-reduction\/#primaryimage\",\"url\":\"https:\/\/www.docteurclaude.fr\/wp-content\/uploads\/2024\/01\/reduction-mammaire-scaled.jpg\",\"contentUrl\":\"https:\/\/www.docteurclaude.fr\/wp-content\/uploads\/2024\/01\/reduction-mammaire-scaled.jpg\",\"width\":2560,\"height\":1386,\"caption\":\"Beau buste de femme mince, \u00e9lanc\u00e9e, en soutien-gorge couleur chair, belle poitrine, ferme, galb\u00e9e, au volume harmonieux\"},{\"@type\":\"BreadcrumbList\",\"@id\":\"https:\/\/www.docteurclaude.fr\/en\/chirurgie-esthetique\/the-breasts\/breast-reduction\/#breadcrumb\",\"itemListElement\":[{\"@type\":\"ListItem\",\"position\":1,\"name\":\"Home\",\"item\":\"https:\/\/www.docteurclaude.fr\/en\/\"},{\"@type\":\"ListItem\",\"position\":2,\"name\":\"Aesthetic Surgery\",\"item\":\"https:\/\/www.docteurclaude.fr\/en\/chirurgie-esthetique\/\"},{\"@type\":\"ListItem\",\"position\":3,\"name\":\"The breasts\",\"item\":\"https:\/\/www.docteurclaude.fr\/en\/chirurgie-esthetique\/the-breasts\/\"},{\"@type\":\"ListItem\",\"position\":4,\"name\":\"Breast reduction\"}]},{\"@type\":\"WebSite\",\"@id\":\"https:\/\/www.docteurclaude.fr\/en\/#website\",\"url\":\"https:\/\/www.docteurclaude.fr\/en\/\",\"name\":\"Dr Claude\",\"description\":\"\",\"potentialAction\":[{\"@type\":\"SearchAction\",\"target\":{\"@type\":\"EntryPoint\",\"urlTemplate\":\"https:\/\/www.docteurclaude.fr\/en\/?s={search_term_string}\"},\"query-input\":{\"@type\":\"PropertyValueSpecification\",\"valueRequired\":true,\"valueName\":\"search_term_string\"}}],\"inLanguage\":\"en-US\"}]}<\/script>\n<!-- \/ Yoast SEO plugin. -->","yoast_head_json":{"title":"Breast reduction - Dr Claude","description":"Dr Claude Breast reduction Breast hypertrophy is defined as a volume of the breasts that is too large in relation to the patient\u2019s morphology. This excess volume is generally associated with sagging breasts (breast ptosis). Mammary hypertrophy almost always has functional repercussions (back pain, discomfort when practising sports, clothing difficulties). There is also often a psychological impact. These problems are covered by the French Health Insurance. The aim of breast plastic surgery is to reduce the volume of the breasts in order to obtain two harmonious breasts.","robots":{"index":"index","follow":"follow","max-snippet":"max-snippet:-1","max-image-preview":"max-image-preview:large","max-video-preview":"max-video-preview:-1"},"canonical":"https:\/\/www.docteurclaude.fr\/en\/chirurgie-esthetique\/the-breasts\/breast-reduction\/","og_locale":"en_US","og_type":"article","og_title":"Breast reduction - Dr Claude","og_description":"Dr Claude Breast reduction Breast hypertrophy is defined as a volume of the breasts that is too large in relation to the patient\u2019s morphology. This excess volume is generally associated with sagging breasts (breast ptosis). Mammary hypertrophy almost always has functional repercussions (back pain, discomfort when practising sports, clothing difficulties). There is also often a psychological impact. These problems are covered by the French Health Insurance. The aim of breast plastic surgery is to reduce the volume of the breasts in order to obtain two harmonious breasts.","og_url":"https:\/\/www.docteurclaude.fr\/en\/chirurgie-esthetique\/the-breasts\/breast-reduction\/","og_site_name":"Dr Claude","article_modified_time":"2025-04-02T09:47:40+00:00","og_image":[{"width":2560,"height":1386,"url":"https:\/\/www.docteurclaude.fr\/wp-content\/uploads\/2024\/01\/reduction-mammaire-scaled.jpg","type":"image\/jpeg"}],"twitter_card":"summary_large_image","twitter_misc":{"Est. reading time":"3 minutes"},"schema":{"@context":"https:\/\/schema.org","@graph":[{"@type":"WebPage","@id":"https:\/\/www.docteurclaude.fr\/en\/chirurgie-esthetique\/the-breasts\/breast-reduction\/","url":"https:\/\/www.docteurclaude.fr\/en\/chirurgie-esthetique\/the-breasts\/breast-reduction\/","name":"Breast reduction - Dr Claude","isPartOf":{"@id":"https:\/\/www.docteurclaude.fr\/en\/#website"},"primaryImageOfPage":{"@id":"https:\/\/www.docteurclaude.fr\/en\/chirurgie-esthetique\/the-breasts\/breast-reduction\/#primaryimage"},"image":{"@id":"https:\/\/www.docteurclaude.fr\/en\/chirurgie-esthetique\/the-breasts\/breast-reduction\/#primaryimage"},"thumbnailUrl":"https:\/\/www.docteurclaude.fr\/wp-content\/uploads\/2024\/01\/reduction-mammaire-scaled.jpg","datePublished":"2023-03-17T16:27:52+00:00","dateModified":"2025-04-02T09:47:40+00:00","description":"Dr Claude Breast reduction Breast hypertrophy is defined as a volume of the breasts that is too large in relation to the patient\u2019s morphology. This excess volume is generally associated with sagging breasts (breast ptosis). Mammary hypertrophy almost always has functional repercussions (back pain, discomfort when practising sports, clothing difficulties). There is also often a psychological impact. These problems are covered by the French Health Insurance. The aim of breast plastic surgery is to reduce the volume of the breasts in order to obtain two harmonious breasts.","breadcrumb":{"@id":"https:\/\/www.docteurclaude.fr\/en\/chirurgie-esthetique\/the-breasts\/breast-reduction\/#breadcrumb"},"inLanguage":"en-US","potentialAction":[{"@type":"ReadAction","target":["https:\/\/www.docteurclaude.fr\/en\/chirurgie-esthetique\/the-breasts\/breast-reduction\/"]}]},{"@type":"ImageObject","inLanguage":"en-US","@id":"https:\/\/www.docteurclaude.fr\/en\/chirurgie-esthetique\/the-breasts\/breast-reduction\/#primaryimage","url":"https:\/\/www.docteurclaude.fr\/wp-content\/uploads\/2024\/01\/reduction-mammaire-scaled.jpg","contentUrl":"https:\/\/www.docteurclaude.fr\/wp-content\/uploads\/2024\/01\/reduction-mammaire-scaled.jpg","width":2560,"height":1386,"caption":"Beau buste de femme mince, \u00e9lanc\u00e9e, en soutien-gorge couleur chair, belle poitrine, ferme, galb\u00e9e, au volume harmonieux"},{"@type":"BreadcrumbList","@id":"https:\/\/www.docteurclaude.fr\/en\/chirurgie-esthetique\/the-breasts\/breast-reduction\/#breadcrumb","itemListElement":[{"@type":"ListItem","position":1,"name":"Home","item":"https:\/\/www.docteurclaude.fr\/en\/"},{"@type":"ListItem","position":2,"name":"Aesthetic Surgery","item":"https:\/\/www.docteurclaude.fr\/en\/chirurgie-esthetique\/"},{"@type":"ListItem","position":3,"name":"The breasts","item":"https:\/\/www.docteurclaude.fr\/en\/chirurgie-esthetique\/the-breasts\/"},{"@type":"ListItem","position":4,"name":"Breast reduction"}]},{"@type":"WebSite","@id":"https:\/\/www.docteurclaude.fr\/en\/#website","url":"https:\/\/www.docteurclaude.fr\/en\/","name":"Dr Claude","description":"","potentialAction":[{"@type":"SearchAction","target":{"@type":"EntryPoint","urlTemplate":"https:\/\/www.docteurclaude.fr\/en\/?s={search_term_string}"},"query-input":{"@type":"PropertyValueSpecification","valueRequired":true,"valueName":"search_term_string"}}],"inLanguage":"en-US"}]}},"_links":{"self":[{"href":"https:\/\/www.docteurclaude.fr\/en\/wp-json\/wp\/v2\/pages\/3107","targetHints":{"allow":["GET"]}}],"collection":[{"href":"https:\/\/www.docteurclaude.fr\/en\/wp-json\/wp\/v2\/pages"}],"about":[{"href":"https:\/\/www.docteurclaude.fr\/en\/wp-json\/wp\/v2\/types\/page"}],"author":[{"embeddable":true,"href":"https:\/\/www.docteurclaude.fr\/en\/wp-json\/wp\/v2\/users\/1"}],"replies":[{"embeddable":true,"href":"https:\/\/www.docteurclaude.fr\/en\/wp-json\/wp\/v2\/comments?post=3107"}],"version-history":[{"count":3,"href":"https:\/\/www.docteurclaude.fr\/en\/wp-json\/wp\/v2\/pages\/3107\/revisions"}],"predecessor-version":[{"id":5136,"href":"https:\/\/www.docteurclaude.fr\/en\/wp-json\/wp\/v2\/pages\/3107\/revisions\/5136"}],"up":[{"embeddable":true,"href":"https:\/\/www.docteurclaude.fr\/en\/wp-json\/wp\/v2\/pages\/3166"}],"wp:featuredmedia":[{"embeddable":true,"href":"https:\/\/www.docteurclaude.fr\/en\/wp-json\/wp\/v2\/media\/3036"}],"wp:attachment":[{"href":"https:\/\/www.docteurclaude.fr\/en\/wp-json\/wp\/v2\/media?parent=3107"}],"curies":[{"name":"wp","href":"https:\/\/api.w.org\/{rel}","templated":true}]}}