{"id":3111,"date":"2023-03-17T17:11:50","date_gmt":"2023-03-17T16:11:50","guid":{"rendered":"https:\/\/www.docteurclaude.fr\/lifting-des-cuisses\/"},"modified":"2025-05-17T10:35:51","modified_gmt":"2025-05-17T08:35:51","slug":"thigh-lift","status":"publish","type":"page","link":"https:\/\/www.docteurclaude.fr\/en\/chirurgie-esthetique\/the-silhouette\/thigh-lift\/","title":{"rendered":"Thigh lift"},"content":{"rendered":"","protected":false},"excerpt":{"rendered":"","protected":false},"author":1,"featured_media":1866,"parent":3152,"menu_order":27,"comment_status":"closed","ping_status":"closed","template":"page-templates\/intervention.php","meta":{"_acf_changed":false,"footnotes":""},"class_list":["post-3111","page","type-page","status-publish","has-post-thumbnail","hentry"],"acf":[],"yoast_head":"<!-- This site is optimized with the Yoast SEO plugin v27.2 - https:\/\/yoast.com\/product\/yoast-seo-wordpress\/ -->\n<title>Thigh lift - Dr Claude<\/title>\n<meta name=\"description\" content=\"Dr Claude Thigh lift Thigh lift: when the skin on the inner thighs is slack, liposuction of the knees or thighs alone is not enough. Only a tightening of the skin can correct this blemish: this is the inner thigh lift. The aim of the operation is to remove the excess skin, reduce the underlying fatty infiltration and suspend the skin in depth.\" \/>\n<meta name=\"robots\" content=\"index, follow, max-snippet:-1, max-image-preview:large, max-video-preview:-1\" \/>\n<link rel=\"canonical\" href=\"https:\/\/www.docteurclaude.fr\/en\/chirurgie-esthetique\/the-silhouette\/thigh-lift\/\" \/>\n<meta property=\"og:locale\" content=\"en_US\" \/>\n<meta property=\"og:type\" content=\"article\" \/>\n<meta property=\"og:title\" content=\"Thigh lift - Dr Claude\" \/>\n<meta property=\"og:description\" content=\"Dr Claude Thigh lift Thigh lift: when the skin on the inner thighs is slack, liposuction of the knees or thighs alone is not enough. Only a tightening of the skin can correct this blemish: this is the inner thigh lift. The aim of the operation is to remove the excess skin, reduce the underlying fatty infiltration and suspend the skin in depth.\" \/>\n<meta property=\"og:url\" content=\"https:\/\/www.docteurclaude.fr\/en\/chirurgie-esthetique\/the-silhouette\/thigh-lift\/\" \/>\n<meta property=\"og:site_name\" content=\"Dr Claude\" \/>\n<meta property=\"article:modified_time\" content=\"2025-05-17T08:35:51+00:00\" \/>\n<meta property=\"og:image\" content=\"https:\/\/www.docteurclaude.fr\/wp-content\/uploads\/2023\/11\/LITING-BRAS-CUISSES-BAS.webp\" \/>\n\t<meta property=\"og:image:width\" content=\"2048\" \/>\n\t<meta property=\"og:image:height\" content=\"1365\" \/>\n\t<meta property=\"og:image:type\" content=\"image\/webp\" \/>\n<meta name=\"twitter:card\" content=\"summary_large_image\" \/>\n<meta name=\"twitter:label1\" content=\"Est. reading time\" \/>\n\t<meta name=\"twitter:data1\" content=\"3 minutes\" \/>\n<script type=\"application\/ld+json\" class=\"yoast-schema-graph\">{\"@context\":\"https:\/\/schema.org\",\"@graph\":[{\"@type\":\"WebPage\",\"@id\":\"https:\/\/www.docteurclaude.fr\/en\/chirurgie-esthetique\/the-silhouette\/thigh-lift\/\",\"url\":\"https:\/\/www.docteurclaude.fr\/en\/chirurgie-esthetique\/the-silhouette\/thigh-lift\/\",\"name\":\"Thigh lift - Dr Claude\",\"isPartOf\":{\"@id\":\"https:\/\/www.docteurclaude.fr\/en\/#website\"},\"primaryImageOfPage\":{\"@id\":\"https:\/\/www.docteurclaude.fr\/en\/chirurgie-esthetique\/the-silhouette\/thigh-lift\/#primaryimage\"},\"image\":{\"@id\":\"https:\/\/www.docteurclaude.fr\/en\/chirurgie-esthetique\/the-silhouette\/thigh-lift\/#primaryimage\"},\"thumbnailUrl\":\"https:\/\/www.docteurclaude.fr\/wp-content\/uploads\/2023\/11\/LITING-BRAS-CUISSES-BAS.webp\",\"datePublished\":\"2023-03-17T16:11:50+00:00\",\"dateModified\":\"2025-05-17T08:35:51+00:00\",\"description\":\"Dr Claude Thigh lift Thigh lift: when the skin on the inner thighs is slack, liposuction of the knees or thighs alone is not enough. Only a tightening of the skin can correct this blemish: this is the inner thigh lift. The aim of the operation is to remove the excess skin, reduce the underlying fatty infiltration and suspend the skin in depth.\",\"breadcrumb\":{\"@id\":\"https:\/\/www.docteurclaude.fr\/en\/chirurgie-esthetique\/the-silhouette\/thigh-lift\/#breadcrumb\"},\"inLanguage\":\"en-US\",\"potentialAction\":[{\"@type\":\"ReadAction\",\"target\":[\"https:\/\/www.docteurclaude.fr\/en\/chirurgie-esthetique\/the-silhouette\/thigh-lift\/\"]}]},{\"@type\":\"ImageObject\",\"inLanguage\":\"en-US\",\"@id\":\"https:\/\/www.docteurclaude.fr\/en\/chirurgie-esthetique\/the-silhouette\/thigh-lift\/#primaryimage\",\"url\":\"https:\/\/www.docteurclaude.fr\/wp-content\/uploads\/2023\/11\/LITING-BRAS-CUISSES-BAS.webp\",\"contentUrl\":\"https:\/\/www.docteurclaude.fr\/wp-content\/uploads\/2023\/11\/LITING-BRAS-CUISSES-BAS.webp\",\"width\":2048,\"height\":1365,\"caption\":\"Beau corps de femme en culotte blanche, mains pos\u00e9es sur l'avant et l'arri\u00e8re de sa cuisse mince, ferme, tonique et fusel\u00e9e\"},{\"@type\":\"BreadcrumbList\",\"@id\":\"https:\/\/www.docteurclaude.fr\/en\/chirurgie-esthetique\/the-silhouette\/thigh-lift\/#breadcrumb\",\"itemListElement\":[{\"@type\":\"ListItem\",\"position\":1,\"name\":\"Home\",\"item\":\"https:\/\/www.docteurclaude.fr\/en\/\"},{\"@type\":\"ListItem\",\"position\":2,\"name\":\"Aesthetic Surgery\",\"item\":\"https:\/\/www.docteurclaude.fr\/en\/chirurgie-esthetique\/\"},{\"@type\":\"ListItem\",\"position\":3,\"name\":\"The silhouette\",\"item\":\"https:\/\/www.docteurclaude.fr\/en\/chirurgie-esthetique\/the-silhouette\/\"},{\"@type\":\"ListItem\",\"position\":4,\"name\":\"Thigh lift\"}]},{\"@type\":\"WebSite\",\"@id\":\"https:\/\/www.docteurclaude.fr\/en\/#website\",\"url\":\"https:\/\/www.docteurclaude.fr\/en\/\",\"name\":\"Dr Claude\",\"description\":\"\",\"potentialAction\":[{\"@type\":\"SearchAction\",\"target\":{\"@type\":\"EntryPoint\",\"urlTemplate\":\"https:\/\/www.docteurclaude.fr\/en\/?s={search_term_string}\"},\"query-input\":{\"@type\":\"PropertyValueSpecification\",\"valueRequired\":true,\"valueName\":\"search_term_string\"}}],\"inLanguage\":\"en-US\"}]}<\/script>\n<!-- \/ Yoast SEO plugin. -->","yoast_head_json":{"title":"Thigh lift - Dr Claude","description":"Dr Claude Thigh lift Thigh lift: when the skin on the inner thighs is slack, liposuction of the knees or thighs alone is not enough. Only a tightening of the skin can correct this blemish: this is the inner thigh lift. The aim of the operation is to remove the excess skin, reduce the underlying fatty infiltration and suspend the skin in depth.","robots":{"index":"index","follow":"follow","max-snippet":"max-snippet:-1","max-image-preview":"max-image-preview:large","max-video-preview":"max-video-preview:-1"},"canonical":"https:\/\/www.docteurclaude.fr\/en\/chirurgie-esthetique\/the-silhouette\/thigh-lift\/","og_locale":"en_US","og_type":"article","og_title":"Thigh lift - Dr Claude","og_description":"Dr Claude Thigh lift Thigh lift: when the skin on the inner thighs is slack, liposuction of the knees or thighs alone is not enough. Only a tightening of the skin can correct this blemish: this is the inner thigh lift. The aim of the operation is to remove the excess skin, reduce the underlying fatty infiltration and suspend the skin in depth.","og_url":"https:\/\/www.docteurclaude.fr\/en\/chirurgie-esthetique\/the-silhouette\/thigh-lift\/","og_site_name":"Dr Claude","article_modified_time":"2025-05-17T08:35:51+00:00","og_image":[{"width":2048,"height":1365,"url":"https:\/\/www.docteurclaude.fr\/wp-content\/uploads\/2023\/11\/LITING-BRAS-CUISSES-BAS.webp","type":"image\/webp"}],"twitter_card":"summary_large_image","twitter_misc":{"Est. reading time":"3 minutes"},"schema":{"@context":"https:\/\/schema.org","@graph":[{"@type":"WebPage","@id":"https:\/\/www.docteurclaude.fr\/en\/chirurgie-esthetique\/the-silhouette\/thigh-lift\/","url":"https:\/\/www.docteurclaude.fr\/en\/chirurgie-esthetique\/the-silhouette\/thigh-lift\/","name":"Thigh lift - Dr Claude","isPartOf":{"@id":"https:\/\/www.docteurclaude.fr\/en\/#website"},"primaryImageOfPage":{"@id":"https:\/\/www.docteurclaude.fr\/en\/chirurgie-esthetique\/the-silhouette\/thigh-lift\/#primaryimage"},"image":{"@id":"https:\/\/www.docteurclaude.fr\/en\/chirurgie-esthetique\/the-silhouette\/thigh-lift\/#primaryimage"},"thumbnailUrl":"https:\/\/www.docteurclaude.fr\/wp-content\/uploads\/2023\/11\/LITING-BRAS-CUISSES-BAS.webp","datePublished":"2023-03-17T16:11:50+00:00","dateModified":"2025-05-17T08:35:51+00:00","description":"Dr Claude Thigh lift Thigh lift: when the skin on the inner thighs is slack, liposuction of the knees or thighs alone is not enough. Only a tightening of the skin can correct this blemish: this is the inner thigh lift. The aim of the operation is to remove the excess skin, reduce the underlying fatty infiltration and suspend the skin in depth.","breadcrumb":{"@id":"https:\/\/www.docteurclaude.fr\/en\/chirurgie-esthetique\/the-silhouette\/thigh-lift\/#breadcrumb"},"inLanguage":"en-US","potentialAction":[{"@type":"ReadAction","target":["https:\/\/www.docteurclaude.fr\/en\/chirurgie-esthetique\/the-silhouette\/thigh-lift\/"]}]},{"@type":"ImageObject","inLanguage":"en-US","@id":"https:\/\/www.docteurclaude.fr\/en\/chirurgie-esthetique\/the-silhouette\/thigh-lift\/#primaryimage","url":"https:\/\/www.docteurclaude.fr\/wp-content\/uploads\/2023\/11\/LITING-BRAS-CUISSES-BAS.webp","contentUrl":"https:\/\/www.docteurclaude.fr\/wp-content\/uploads\/2023\/11\/LITING-BRAS-CUISSES-BAS.webp","width":2048,"height":1365,"caption":"Beau corps de femme en culotte blanche, mains pos\u00e9es sur l'avant et l'arri\u00e8re de sa cuisse mince, ferme, tonique et fusel\u00e9e"},{"@type":"BreadcrumbList","@id":"https:\/\/www.docteurclaude.fr\/en\/chirurgie-esthetique\/the-silhouette\/thigh-lift\/#breadcrumb","itemListElement":[{"@type":"ListItem","position":1,"name":"Home","item":"https:\/\/www.docteurclaude.fr\/en\/"},{"@type":"ListItem","position":2,"name":"Aesthetic Surgery","item":"https:\/\/www.docteurclaude.fr\/en\/chirurgie-esthetique\/"},{"@type":"ListItem","position":3,"name":"The silhouette","item":"https:\/\/www.docteurclaude.fr\/en\/chirurgie-esthetique\/the-silhouette\/"},{"@type":"ListItem","position":4,"name":"Thigh lift"}]},{"@type":"WebSite","@id":"https:\/\/www.docteurclaude.fr\/en\/#website","url":"https:\/\/www.docteurclaude.fr\/en\/","name":"Dr Claude","description":"","potentialAction":[{"@type":"SearchAction","target":{"@type":"EntryPoint","urlTemplate":"https:\/\/www.docteurclaude.fr\/en\/?s={search_term_string}"},"query-input":{"@type":"PropertyValueSpecification","valueRequired":true,"valueName":"search_term_string"}}],"inLanguage":"en-US"}]}},"_links":{"self":[{"href":"https:\/\/www.docteurclaude.fr\/en\/wp-json\/wp\/v2\/pages\/3111","targetHints":{"allow":["GET"]}}],"collection":[{"href":"https:\/\/www.docteurclaude.fr\/en\/wp-json\/wp\/v2\/pages"}],"about":[{"href":"https:\/\/www.docteurclaude.fr\/en\/wp-json\/wp\/v2\/types\/page"}],"author":[{"embeddable":true,"href":"https:\/\/www.docteurclaude.fr\/en\/wp-json\/wp\/v2\/users\/1"}],"replies":[{"embeddable":true,"href":"https:\/\/www.docteurclaude.fr\/en\/wp-json\/wp\/v2\/comments?post=3111"}],"version-history":[{"count":4,"href":"https:\/\/www.docteurclaude.fr\/en\/wp-json\/wp\/v2\/pages\/3111\/revisions"}],"predecessor-version":[{"id":6156,"href":"https:\/\/www.docteurclaude.fr\/en\/wp-json\/wp\/v2\/pages\/3111\/revisions\/6156"}],"up":[{"embeddable":true,"href":"https:\/\/www.docteurclaude.fr\/en\/wp-json\/wp\/v2\/pages\/3152"}],"wp:featuredmedia":[{"embeddable":true,"href":"https:\/\/www.docteurclaude.fr\/en\/wp-json\/wp\/v2\/media\/1866"}],"wp:attachment":[{"href":"https:\/\/www.docteurclaude.fr\/en\/wp-json\/wp\/v2\/media?parent=3111"}],"curies":[{"name":"wp","href":"https:\/\/api.w.org\/{rel}","templated":true}]}}