{"id":3163,"date":"2023-03-23T09:42:55","date_gmt":"2023-03-23T08:42:55","guid":{"rendered":"https:\/\/www.docteurclaude.fr\/la-silhouette\/"},"modified":"2024-06-20T17:56:34","modified_gmt":"2024-06-20T15:56:34","slug":"the-silhouette","status":"publish","type":"page","link":"https:\/\/www.docteurclaude.fr\/en\/aesthetic-medicine\/the-silhouette\/","title":{"rendered":"The silhouette"},"content":{"rendered":"","protected":false},"excerpt":{"rendered":"","protected":false},"author":1,"featured_media":1554,"parent":3175,"menu_order":74,"comment_status":"closed","ping_status":"closed","template":"page-templates\/intervention-categorie.php","meta":{"_acf_changed":false,"footnotes":""},"class_list":["post-3163","page","type-page","status-publish","has-post-thumbnail","hentry"],"acf":[],"yoast_head":"<!-- This site is optimized with the Yoast SEO plugin v27.2 - https:\/\/yoast.com\/product\/yoast-seo-wordpress\/ -->\n<title>The silhouette - Dr Claude<\/title>\n<meta name=\"description\" content=\"Dr Claude The silhouette Aesthetic medicine works on the figure to improve body contours. Thanks to various techniques such as Cryolipolysis, Morpheus8, Emsculpt Neo, Emtone, etc., several parts of the body can be treated in a single session: the abdomen, buttocks, hips, arms and thighs. Doctor Olivier CLAUDE draws up a personalised treatment plan and guides each patient in choosing the techniques best suited to their specific needs.\" \/>\n<meta name=\"robots\" content=\"index, follow, max-snippet:-1, max-image-preview:large, max-video-preview:-1\" \/>\n<link rel=\"canonical\" href=\"https:\/\/www.docteurclaude.fr\/en\/aesthetic-medicine\/the-silhouette\/\" \/>\n<meta property=\"og:locale\" content=\"en_US\" \/>\n<meta property=\"og:type\" content=\"article\" \/>\n<meta property=\"og:title\" content=\"The silhouette - Dr Claude\" \/>\n<meta property=\"og:description\" content=\"Dr Claude The silhouette Aesthetic medicine works on the figure to improve body contours. Thanks to various techniques such as Cryolipolysis, Morpheus8, Emsculpt Neo, Emtone, etc., several parts of the body can be treated in a single session: the abdomen, buttocks, hips, arms and thighs. Doctor Olivier CLAUDE draws up a personalised treatment plan and guides each patient in choosing the techniques best suited to their specific needs.\" \/>\n<meta property=\"og:url\" content=\"https:\/\/www.docteurclaude.fr\/en\/aesthetic-medicine\/the-silhouette\/\" \/>\n<meta property=\"og:site_name\" content=\"Dr Claude\" \/>\n<meta property=\"article:modified_time\" content=\"2024-06-20T15:56:34+00:00\" \/>\n<meta property=\"og:image\" content=\"https:\/\/www.docteurclaude.fr\/wp-content\/uploads\/2023\/10\/BODYTITE-BAS.jpg\" \/>\n\t<meta property=\"og:image:width\" content=\"2525\" \/>\n\t<meta property=\"og:image:height\" content=\"2000\" \/>\n\t<meta property=\"og:image:type\" content=\"image\/jpeg\" \/>\n<meta name=\"twitter:card\" content=\"summary_large_image\" \/>\n<meta name=\"twitter:label1\" content=\"Est. reading time\" \/>\n\t<meta name=\"twitter:data1\" content=\"1 minute\" \/>\n<script type=\"application\/ld+json\" class=\"yoast-schema-graph\">{\"@context\":\"https:\/\/schema.org\",\"@graph\":[{\"@type\":\"WebPage\",\"@id\":\"https:\/\/www.docteurclaude.fr\/en\/aesthetic-medicine\/the-silhouette\/\",\"url\":\"https:\/\/www.docteurclaude.fr\/en\/aesthetic-medicine\/the-silhouette\/\",\"name\":\"The silhouette - Dr Claude\",\"isPartOf\":{\"@id\":\"https:\/\/www.docteurclaude.fr\/en\/#website\"},\"primaryImageOfPage\":{\"@id\":\"https:\/\/www.docteurclaude.fr\/en\/aesthetic-medicine\/the-silhouette\/#primaryimage\"},\"image\":{\"@id\":\"https:\/\/www.docteurclaude.fr\/en\/aesthetic-medicine\/the-silhouette\/#primaryimage\"},\"thumbnailUrl\":\"https:\/\/www.docteurclaude.fr\/wp-content\/uploads\/2023\/10\/BODYTITE-BAS.jpg\",\"datePublished\":\"2023-03-23T08:42:55+00:00\",\"dateModified\":\"2024-06-20T15:56:34+00:00\",\"description\":\"Dr Claude The silhouette Aesthetic medicine works on the figure to improve body contours. Thanks to various techniques such as Cryolipolysis, Morpheus8, Emsculpt Neo, Emtone, etc., several parts of the body can be treated in a single session: the abdomen, buttocks, hips, arms and thighs. Doctor Olivier CLAUDE draws up a personalised treatment plan and guides each patient in choosing the techniques best suited to their specific needs.\",\"breadcrumb\":{\"@id\":\"https:\/\/www.docteurclaude.fr\/en\/aesthetic-medicine\/the-silhouette\/#breadcrumb\"},\"inLanguage\":\"en-US\",\"potentialAction\":[{\"@type\":\"ReadAction\",\"target\":[\"https:\/\/www.docteurclaude.fr\/en\/aesthetic-medicine\/the-silhouette\/\"]}]},{\"@type\":\"ImageObject\",\"inLanguage\":\"en-US\",\"@id\":\"https:\/\/www.docteurclaude.fr\/en\/aesthetic-medicine\/the-silhouette\/#primaryimage\",\"url\":\"https:\/\/www.docteurclaude.fr\/wp-content\/uploads\/2023\/10\/BODYTITE-BAS.jpg\",\"contentUrl\":\"https:\/\/www.docteurclaude.fr\/wp-content\/uploads\/2023\/10\/BODYTITE-BAS.jpg\",\"width\":2525,\"height\":2000,\"caption\":\"Corps de femme en culotte et brassi\u00e8re blanches, mince, fusel\u00e9, tonique, harmonieux et plein de vitalit\u00e9\"},{\"@type\":\"BreadcrumbList\",\"@id\":\"https:\/\/www.docteurclaude.fr\/en\/aesthetic-medicine\/the-silhouette\/#breadcrumb\",\"itemListElement\":[{\"@type\":\"ListItem\",\"position\":1,\"name\":\"Home\",\"item\":\"https:\/\/www.docteurclaude.fr\/en\/\"},{\"@type\":\"ListItem\",\"position\":2,\"name\":\"Aesthetic Medicine\",\"item\":\"https:\/\/www.docteurclaude.fr\/en\/aesthetic-medicine\/\"},{\"@type\":\"ListItem\",\"position\":3,\"name\":\"The silhouette\"}]},{\"@type\":\"WebSite\",\"@id\":\"https:\/\/www.docteurclaude.fr\/en\/#website\",\"url\":\"https:\/\/www.docteurclaude.fr\/en\/\",\"name\":\"Dr Claude\",\"description\":\"\",\"potentialAction\":[{\"@type\":\"SearchAction\",\"target\":{\"@type\":\"EntryPoint\",\"urlTemplate\":\"https:\/\/www.docteurclaude.fr\/en\/?s={search_term_string}\"},\"query-input\":{\"@type\":\"PropertyValueSpecification\",\"valueRequired\":true,\"valueName\":\"search_term_string\"}}],\"inLanguage\":\"en-US\"}]}<\/script>\n<!-- \/ Yoast SEO plugin. -->","yoast_head_json":{"title":"The silhouette - Dr Claude","description":"Dr Claude The silhouette Aesthetic medicine works on the figure to improve body contours. Thanks to various techniques such as Cryolipolysis, Morpheus8, Emsculpt Neo, Emtone, etc., several parts of the body can be treated in a single session: the abdomen, buttocks, hips, arms and thighs. Doctor Olivier CLAUDE draws up a personalised treatment plan and guides each patient in choosing the techniques best suited to their specific needs.","robots":{"index":"index","follow":"follow","max-snippet":"max-snippet:-1","max-image-preview":"max-image-preview:large","max-video-preview":"max-video-preview:-1"},"canonical":"https:\/\/www.docteurclaude.fr\/en\/aesthetic-medicine\/the-silhouette\/","og_locale":"en_US","og_type":"article","og_title":"The silhouette - Dr Claude","og_description":"Dr Claude The silhouette Aesthetic medicine works on the figure to improve body contours. Thanks to various techniques such as Cryolipolysis, Morpheus8, Emsculpt Neo, Emtone, etc., several parts of the body can be treated in a single session: the abdomen, buttocks, hips, arms and thighs. Doctor Olivier CLAUDE draws up a personalised treatment plan and guides each patient in choosing the techniques best suited to their specific needs.","og_url":"https:\/\/www.docteurclaude.fr\/en\/aesthetic-medicine\/the-silhouette\/","og_site_name":"Dr Claude","article_modified_time":"2024-06-20T15:56:34+00:00","og_image":[{"width":2525,"height":2000,"url":"https:\/\/www.docteurclaude.fr\/wp-content\/uploads\/2023\/10\/BODYTITE-BAS.jpg","type":"image\/jpeg"}],"twitter_card":"summary_large_image","twitter_misc":{"Est. reading time":"1 minute"},"schema":{"@context":"https:\/\/schema.org","@graph":[{"@type":"WebPage","@id":"https:\/\/www.docteurclaude.fr\/en\/aesthetic-medicine\/the-silhouette\/","url":"https:\/\/www.docteurclaude.fr\/en\/aesthetic-medicine\/the-silhouette\/","name":"The silhouette - Dr Claude","isPartOf":{"@id":"https:\/\/www.docteurclaude.fr\/en\/#website"},"primaryImageOfPage":{"@id":"https:\/\/www.docteurclaude.fr\/en\/aesthetic-medicine\/the-silhouette\/#primaryimage"},"image":{"@id":"https:\/\/www.docteurclaude.fr\/en\/aesthetic-medicine\/the-silhouette\/#primaryimage"},"thumbnailUrl":"https:\/\/www.docteurclaude.fr\/wp-content\/uploads\/2023\/10\/BODYTITE-BAS.jpg","datePublished":"2023-03-23T08:42:55+00:00","dateModified":"2024-06-20T15:56:34+00:00","description":"Dr Claude The silhouette Aesthetic medicine works on the figure to improve body contours. Thanks to various techniques such as Cryolipolysis, Morpheus8, Emsculpt Neo, Emtone, etc., several parts of the body can be treated in a single session: the abdomen, buttocks, hips, arms and thighs. Doctor Olivier CLAUDE draws up a personalised treatment plan and guides each patient in choosing the techniques best suited to their specific needs.","breadcrumb":{"@id":"https:\/\/www.docteurclaude.fr\/en\/aesthetic-medicine\/the-silhouette\/#breadcrumb"},"inLanguage":"en-US","potentialAction":[{"@type":"ReadAction","target":["https:\/\/www.docteurclaude.fr\/en\/aesthetic-medicine\/the-silhouette\/"]}]},{"@type":"ImageObject","inLanguage":"en-US","@id":"https:\/\/www.docteurclaude.fr\/en\/aesthetic-medicine\/the-silhouette\/#primaryimage","url":"https:\/\/www.docteurclaude.fr\/wp-content\/uploads\/2023\/10\/BODYTITE-BAS.jpg","contentUrl":"https:\/\/www.docteurclaude.fr\/wp-content\/uploads\/2023\/10\/BODYTITE-BAS.jpg","width":2525,"height":2000,"caption":"Corps de femme en culotte et brassi\u00e8re blanches, mince, fusel\u00e9, tonique, harmonieux et plein de vitalit\u00e9"},{"@type":"BreadcrumbList","@id":"https:\/\/www.docteurclaude.fr\/en\/aesthetic-medicine\/the-silhouette\/#breadcrumb","itemListElement":[{"@type":"ListItem","position":1,"name":"Home","item":"https:\/\/www.docteurclaude.fr\/en\/"},{"@type":"ListItem","position":2,"name":"Aesthetic Medicine","item":"https:\/\/www.docteurclaude.fr\/en\/aesthetic-medicine\/"},{"@type":"ListItem","position":3,"name":"The silhouette"}]},{"@type":"WebSite","@id":"https:\/\/www.docteurclaude.fr\/en\/#website","url":"https:\/\/www.docteurclaude.fr\/en\/","name":"Dr Claude","description":"","potentialAction":[{"@type":"SearchAction","target":{"@type":"EntryPoint","urlTemplate":"https:\/\/www.docteurclaude.fr\/en\/?s={search_term_string}"},"query-input":{"@type":"PropertyValueSpecification","valueRequired":true,"valueName":"search_term_string"}}],"inLanguage":"en-US"}]}},"_links":{"self":[{"href":"https:\/\/www.docteurclaude.fr\/en\/wp-json\/wp\/v2\/pages\/3163","targetHints":{"allow":["GET"]}}],"collection":[{"href":"https:\/\/www.docteurclaude.fr\/en\/wp-json\/wp\/v2\/pages"}],"about":[{"href":"https:\/\/www.docteurclaude.fr\/en\/wp-json\/wp\/v2\/types\/page"}],"author":[{"embeddable":true,"href":"https:\/\/www.docteurclaude.fr\/en\/wp-json\/wp\/v2\/users\/1"}],"replies":[{"embeddable":true,"href":"https:\/\/www.docteurclaude.fr\/en\/wp-json\/wp\/v2\/comments?post=3163"}],"version-history":[{"count":2,"href":"https:\/\/www.docteurclaude.fr\/en\/wp-json\/wp\/v2\/pages\/3163\/revisions"}],"predecessor-version":[{"id":3188,"href":"https:\/\/www.docteurclaude.fr\/en\/wp-json\/wp\/v2\/pages\/3163\/revisions\/3188"}],"up":[{"embeddable":true,"href":"https:\/\/www.docteurclaude.fr\/en\/wp-json\/wp\/v2\/pages\/3175"}],"wp:featuredmedia":[{"embeddable":true,"href":"https:\/\/www.docteurclaude.fr\/en\/wp-json\/wp\/v2\/media\/1554"}],"wp:attachment":[{"href":"https:\/\/www.docteurclaude.fr\/en\/wp-json\/wp\/v2\/media?parent=3163"}],"curies":[{"name":"wp","href":"https:\/\/api.w.org\/{rel}","templated":true}]}}